{"id":18,"date":"2025-04-08T12:50:09","date_gmt":"2025-04-08T12:50:09","guid":{"rendered":"https:\/\/oneroyal.academy\/?page_id=18"},"modified":"2025-12-04T10:25:52","modified_gmt":"2025-12-04T10:25:52","slug":"webinars","status":"publish","type":"page","link":"https:\/\/www.oneroyal.academy\/pt\/webinars\/","title":{"rendered":"Webinars"},"content":{"rendered":"<div data-elementor-type=\"wp-page\" data-elementor-id=\"18\" class=\"elementor elementor-18\" data-elementor-post-type=\"page\">\n\t\t\t\t<div class=\"elementor-element elementor-element-35bde71 e-con-full hero-section-wrapper e-flex e-con e-parent\" data-id=\"35bde71\" data-element_type=\"container\" data-e-type=\"container\">\n\t\t\t\t<div class=\"elementor-element elementor-element-dc350df elementor-widget elementor-widget-template\" data-id=\"dc350df\" data-element_type=\"widget\" data-e-type=\"widget\" data-widget_type=\"template.default\">\n\t\t\t\t<div class=\"elementor-widget-container\">\n\t\t\t\t\t\t\t<div class=\"elementor-template\">\n\t\t\t\t\t<div data-elementor-type=\"section\" data-elementor-id=\"75\" class=\"elementor elementor-75\" data-elementor-post-type=\"elementor_library\">\n\t\t\t<div class=\"elementor-element elementor-element-7ab5fd80 hero-section e-flex e-con-boxed e-con e-parent\" data-id=\"7ab5fd80\" data-element_type=\"container\" data-e-type=\"container\">\n\t\t\t\t\t<div class=\"e-con-inner\">\n\t\t<div class=\"elementor-element elementor-element-515a88e e-con-full left e-flex e-con e-child\" data-id=\"515a88e\" data-element_type=\"container\" data-e-type=\"container\">\n\t\t\t\t<div class=\"elementor-element elementor-element-1e73acea hero-heading elementor-widget elementor-widget-heading\" data-id=\"1e73acea\" data-element_type=\"widget\" data-e-type=\"widget\" data-widget_type=\"heading.default\">\n\t\t\t\t<div class=\"elementor-widget-container\">\n\t\t\t\t\t<h1 class=\"elementor-heading-title elementor-size-default\">Webinars OneRoyal<\/h1>\t\t\t\t<\/div>\n\t\t\t\t<\/div>\n\t\t\t\t<div class=\"elementor-element elementor-element-f81ef53 hero-description elementor-widget elementor-widget-heading\" data-id=\"f81ef53\" data-element_type=\"widget\" data-e-type=\"widget\" data-widget_type=\"heading.default\">\n\t\t\t\t<div class=\"elementor-widget-container\">\n\t\t\t\t\t<p class=\"elementor-heading-title elementor-size-default\">Aprenda em tempo real e obtenha informa\u00e7\u00f5es de negocia\u00e7\u00e3o de traders profissionais.<\/p>\t\t\t\t<\/div>\n\t\t\t\t<\/div>\n\t\t<div class=\"elementor-element elementor-element-f2b1eac e-con-full ctas e-flex e-con e-child\" data-id=\"f2b1eac\" data-element_type=\"container\" data-e-type=\"container\">\n\t\t\t\t<\/div>\n\t\t\t\t<\/div>\n\t\t<div class=\"elementor-element elementor-element-591de12a e-con-full right e-flex e-con e-child\" data-id=\"591de12a\" data-element_type=\"container\" data-e-type=\"container\" data-settings=\"{&quot;background_background&quot;:&quot;classic&quot;}\">\n\t\t\t\t<\/div>\n\t\t\t\t\t<\/div>\n\t\t\t\t<\/div>\n\t\t\t\t<\/div>\n\t\t\t\t<\/div>\n\t\t\t\t\t\t<\/div>\n\t\t\t\t<\/div>\n\t\t\t\t<\/div>\n\t\t<div class=\"elementor-element elementor-element-8cfc4bc category-page-post-section e-flex e-con-boxed e-con e-parent\" data-id=\"8cfc4bc\" data-element_type=\"container\" data-e-type=\"container\">\n\t\t\t\t\t<div class=\"e-con-inner\">\n\t\t\t\t<div class=\"elementor-element elementor-element-5c75d33 elementor-widget elementor-widget-heading\" data-id=\"5c75d33\" data-element_type=\"widget\" data-e-type=\"widget\" data-widget_type=\"heading.default\">\n\t\t\t\t<div class=\"elementor-widget-container\">\n\t\t\t\t\t<h3 class=\"elementor-heading-title elementor-size-default\">Participe nos nossos webinars e sess\u00f5es de negocia\u00e7\u00e3o em direto <\/h3>\t\t\t\t<\/div>\n\t\t\t\t<\/div>\n\t\t\t\t<div class=\"elementor-element elementor-element-53924c4 subheading elementor-widget elementor-widget-heading\" data-id=\"53924c4\" data-element_type=\"widget\" data-e-type=\"widget\" data-widget_type=\"heading.default\">\n\t\t\t\t<div class=\"elementor-widget-container\">\n\t\t\t\t\t<p class=\"elementor-heading-title elementor-size-default\">Aprenda com os especialistas em tempo real atrav\u00e9s de an\u00e1lises de mercado em direto, webinars sobre estrat\u00e9gias de negocia\u00e7\u00e3o, transmiss\u00f5es em direto de forex e muito mais. Aceda a sess\u00f5es anteriores atrav\u00e9s de v\u00eddeos incorporados do YouTube e mantenha-se atualizado sobre os pr\u00f3ximos eventos ao vivo.<\/p>\t\t\t\t<\/div>\n\t\t\t\t<\/div>\n\t\t\t\t<div class=\"elementor-element elementor-element-896974b elementor-posts--thumbnail-top elementor-grid-3 elementor-grid-tablet-2 elementor-grid-mobile-1 elementor-widget elementor-widget-posts\" data-id=\"896974b\" data-element_type=\"widget\" data-e-type=\"widget\" data-settings=\"{&quot;custom_row_gap&quot;:{&quot;unit&quot;:&quot;px&quot;,&quot;size&quot;:64,&quot;sizes&quot;:[]},&quot;custom_columns&quot;:&quot;3&quot;,&quot;custom_columns_tablet&quot;:&quot;2&quot;,&quot;custom_columns_mobile&quot;:&quot;1&quot;,&quot;custom_row_gap_tablet&quot;:{&quot;unit&quot;:&quot;px&quot;,&quot;size&quot;:&quot;&quot;,&quot;sizes&quot;:[]},&quot;custom_row_gap_mobile&quot;:{&quot;unit&quot;:&quot;px&quot;,&quot;size&quot;:&quot;&quot;,&quot;sizes&quot;:[]}}\" data-widget_type=\"posts.custom\">\n\t\t\t\t<div class=\"elementor-widget-container\">\n\t\t\t\t\t      <div class=\"ecs-posts elementor-posts-container elementor-posts   elementor-grid elementor-posts--skin-custom\" data-settings=\"{&quot;current_page&quot;:1,&quot;max_num_pages&quot;:1,&quot;load_method&quot;:&quot;loadmore&quot;,&quot;widget_id&quot;:&quot;896974b&quot;,&quot;post_id&quot;:18,&quot;theme_id&quot;:18,&quot;change_url&quot;:false,&quot;reinit_js&quot;:false}\">\n      \t\t<article id=\"post-1906\" class=\"elementor-post elementor-grid-item ecs-post-loop post-1906 post type-post status-publish format-standard has-post-thumbnail hentry category-webinars\">\n\t\t\t\t<div data-elementor-type=\"loop\" data-elementor-id=\"770\" class=\"elementor elementor-770 post-1906 post type-post status-publish format-standard has-post-thumbnail hentry category-webinars\" data-elementor-post-type=\"elementor_library\">\n\t\t\t<div class=\"elementor-element elementor-element-9fea978 category-page-posts-section-post-wrapper e-flex e-con-boxed e-con e-parent\" data-id=\"9fea978\" data-element_type=\"container\" data-e-type=\"container\">\n\t\t\t\t\t<div class=\"e-con-inner\">\n\t\t\t\t<div class=\"elementor-element elementor-element-3754f32 post-image elementor-widget elementor-widget-image\" data-id=\"3754f32\" data-element_type=\"widget\" data-e-type=\"widget\" data-widget_type=\"image.default\">\n\t\t\t\t<div class=\"elementor-widget-container\">\n\t\t\t\t\t\t\t\t\t\t\t\t\t\t\t<img fetchpriority=\"high\" decoding=\"async\" width=\"1920\" height=\"1080\" src=\"https:\/\/www.OneRoyal.academy\/wp-content\/uploads\/2025\/08\/webinars-cover.webp\" class=\"attachment-full size-full wp-image-1908\" alt=\"What Actually Are Tariffs and Why it Scares the Market\" srcset=\"https:\/\/www.OneRoyal.academy\/wp-content\/uploads\/2025\/08\/webinars-cover.webp 1920w, https:\/\/www.OneRoyal.academy\/wp-content\/uploads\/2025\/08\/webinars-cover-300x169.webp 300w, https:\/\/www.OneRoyal.academy\/wp-content\/uploads\/2025\/08\/webinars-cover-1024x576.webp 1024w, https:\/\/www.OneRoyal.academy\/wp-content\/uploads\/2025\/08\/webinars-cover-768x432.webp 768w, https:\/\/www.OneRoyal.academy\/wp-content\/uploads\/2025\/08\/webinars-cover-1536x864.webp 1536w, https:\/\/www.OneRoyal.academy\/wp-content\/uploads\/2025\/08\/webinars-cover-18x10.webp 18w\" sizes=\"(max-width: 1920px) 100vw, 1920px\" \/>\t\t\t\t\t\t\t\t\t\t\t\t\t\t\t<\/div>\n\t\t\t\t<\/div>\n\t\t<div class=\"elementor-element elementor-element-4f742c2 e-con-full category-page-posts-section-post-content e-flex e-con e-child\" data-id=\"4f742c2\" data-element_type=\"container\" data-e-type=\"container\">\n\t\t\t\t<div class=\"elementor-element elementor-element-ba30455 post-title elementor-widget elementor-widget-heading\" data-id=\"ba30455\" data-element_type=\"widget\" data-e-type=\"widget\" data-widget_type=\"heading.default\">\n\t\t\t\t<div class=\"elementor-widget-container\">\n\t\t\t\t\t<h3 class=\"elementor-heading-title elementor-size-default\">An\u00e1lise fundamental. Parte 2 \u25aa\ufe0fCurrencies<\/h3>\t\t\t\t<\/div>\n\t\t\t\t<\/div>\n\t\t\t\t<div class=\"elementor-element elementor-element-58ae3c6 post-summary elementor-widget elementor-widget-text-editor\" data-id=\"58ae3c6\" data-element_type=\"widget\" data-e-type=\"widget\" data-widget_type=\"text-editor.default\">\n\t\t\t\t<div class=\"elementor-widget-container\">\n\t\t\t\t\t\t\t\t\tEste webinar \u00e9 a segunda parte da an\u00e1lise fundamental. Vamos falar sobre moedas, h\u00e1 sempre um pouco de oferta e procura\t\t\t\t\t\t\t\t<\/div>\n\t\t\t\t<\/div>\n\t\t\t\t<div class=\"elementor-element elementor-element-3c8fd2f post-cta elementor-widget elementor-widget-button\" data-id=\"3c8fd2f\" data-element_type=\"widget\" data-e-type=\"widget\" data-widget_type=\"button.default\">\n\t\t\t\t<div class=\"elementor-widget-container\">\n\t\t\t\t\t\t\t\t\t<div class=\"elementor-button-wrapper\">\n\t\t\t\t\t<a class=\"elementor-button elementor-button-link elementor-size-sm\" href=\"https:\/\/www.OneRoyal.academy\/pt\/webinars\/fundamental-analysis-part-2-%e2%96%aa%ef%b8%8fcurrencies\/\">\n\t\t\t\t\t\t<span class=\"elementor-button-content-wrapper\">\n\t\t\t\t\t\t\t\t\t<span class=\"elementor-button-text\">Saiba mais<\/span>\n\t\t\t\t\t<\/span>\n\t\t\t\t\t<\/a>\n\t\t\t\t<\/div>\n\t\t\t\t\t\t\t\t<\/div>\n\t\t\t\t<\/div>\n\t\t\t\t<\/div>\n\t\t\t\t\t<\/div>\n\t\t\t\t<\/div>\n\t\t\t\t<\/div>\n\t\t\t\t<\/article>\n\t\t\t\t<article id=\"post-1904\" class=\"elementor-post elementor-grid-item ecs-post-loop post-1904 post type-post status-publish format-standard has-post-thumbnail hentry category-webinars\">\n\t\t\t\t<div data-elementor-type=\"loop\" data-elementor-id=\"770\" class=\"elementor elementor-770 post-1904 post type-post status-publish format-standard has-post-thumbnail hentry category-webinars\" data-elementor-post-type=\"elementor_library\">\n\t\t\t<div class=\"elementor-element elementor-element-9fea978 category-page-posts-section-post-wrapper e-flex e-con-boxed e-con e-parent\" data-id=\"9fea978\" data-element_type=\"container\" data-e-type=\"container\">\n\t\t\t\t\t<div class=\"e-con-inner\">\n\t\t\t\t<div class=\"elementor-element elementor-element-3754f32 post-image elementor-widget elementor-widget-image\" data-id=\"3754f32\" data-element_type=\"widget\" data-e-type=\"widget\" data-widget_type=\"image.default\">\n\t\t\t\t<div class=\"elementor-widget-container\">\n\t\t\t\t\t\t\t\t\t\t\t\t\t\t\t<img fetchpriority=\"high\" decoding=\"async\" width=\"1920\" height=\"1080\" src=\"https:\/\/www.OneRoyal.academy\/wp-content\/uploads\/2025\/08\/webinars-cover.webp\" class=\"attachment-full size-full wp-image-1908\" alt=\"What Actually Are Tariffs and Why it Scares the Market\" srcset=\"https:\/\/www.OneRoyal.academy\/wp-content\/uploads\/2025\/08\/webinars-cover.webp 1920w, https:\/\/www.OneRoyal.academy\/wp-content\/uploads\/2025\/08\/webinars-cover-300x169.webp 300w, https:\/\/www.OneRoyal.academy\/wp-content\/uploads\/2025\/08\/webinars-cover-1024x576.webp 1024w, https:\/\/www.OneRoyal.academy\/wp-content\/uploads\/2025\/08\/webinars-cover-768x432.webp 768w, https:\/\/www.OneRoyal.academy\/wp-content\/uploads\/2025\/08\/webinars-cover-1536x864.webp 1536w, https:\/\/www.OneRoyal.academy\/wp-content\/uploads\/2025\/08\/webinars-cover-18x10.webp 18w\" sizes=\"(max-width: 1920px) 100vw, 1920px\" \/>\t\t\t\t\t\t\t\t\t\t\t\t\t\t\t<\/div>\n\t\t\t\t<\/div>\n\t\t<div class=\"elementor-element elementor-element-4f742c2 e-con-full category-page-posts-section-post-content e-flex e-con e-child\" data-id=\"4f742c2\" data-element_type=\"container\" data-e-type=\"container\">\n\t\t\t\t<div class=\"elementor-element elementor-element-ba30455 post-title elementor-widget elementor-widget-heading\" data-id=\"ba30455\" data-element_type=\"widget\" data-e-type=\"widget\" data-widget_type=\"heading.default\">\n\t\t\t\t<div class=\"elementor-widget-container\">\n\t\t\t\t\t<h3 class=\"elementor-heading-title elementor-size-default\">An\u00e1lise fundamental. Parte 1\u25aa\ufe0f Commodities<\/h3>\t\t\t\t<\/div>\n\t\t\t\t<\/div>\n\t\t\t\t<div class=\"elementor-element elementor-element-58ae3c6 post-summary elementor-widget elementor-widget-text-editor\" data-id=\"58ae3c6\" data-element_type=\"widget\" data-e-type=\"widget\" data-widget_type=\"text-editor.default\">\n\t\t\t\t<div class=\"elementor-widget-container\">\n\t\t\t\t\t\t\t\t\tEste webinar \u00e9 a 1\u00aa parte da an\u00e1lise fundamental. Os traders institucionais raramente falam sobre an\u00e1lise t\u00e9cnica. Em vez disso, eles discutem mais sobre os fundamentos,\t\t\t\t\t\t\t\t<\/div>\n\t\t\t\t<\/div>\n\t\t\t\t<div class=\"elementor-element elementor-element-3c8fd2f post-cta elementor-widget elementor-widget-button\" data-id=\"3c8fd2f\" data-element_type=\"widget\" data-e-type=\"widget\" data-widget_type=\"button.default\">\n\t\t\t\t<div class=\"elementor-widget-container\">\n\t\t\t\t\t\t\t\t\t<div class=\"elementor-button-wrapper\">\n\t\t\t\t\t<a class=\"elementor-button elementor-button-link elementor-size-sm\" href=\"https:\/\/www.OneRoyal.academy\/pt\/webinars\/fundamental-analysis-part-1%e2%96%aa%ef%b8%8f-commodities\/\">\n\t\t\t\t\t\t<span class=\"elementor-button-content-wrapper\">\n\t\t\t\t\t\t\t\t\t<span class=\"elementor-button-text\">Saiba mais<\/span>\n\t\t\t\t\t<\/span>\n\t\t\t\t\t<\/a>\n\t\t\t\t<\/div>\n\t\t\t\t\t\t\t\t<\/div>\n\t\t\t\t<\/div>\n\t\t\t\t<\/div>\n\t\t\t\t\t<\/div>\n\t\t\t\t<\/div>\n\t\t\t\t<\/div>\n\t\t\t\t<\/article>\n\t\t\t\t<article id=\"post-1902\" class=\"elementor-post elementor-grid-item ecs-post-loop post-1902 post type-post status-publish format-standard has-post-thumbnail hentry category-webinars\">\n\t\t\t\t<div data-elementor-type=\"loop\" data-elementor-id=\"770\" class=\"elementor elementor-770 post-1902 post type-post status-publish format-standard has-post-thumbnail hentry category-webinars\" data-elementor-post-type=\"elementor_library\">\n\t\t\t<div class=\"elementor-element elementor-element-9fea978 category-page-posts-section-post-wrapper e-flex e-con-boxed e-con e-parent\" data-id=\"9fea978\" data-element_type=\"container\" data-e-type=\"container\">\n\t\t\t\t\t<div class=\"e-con-inner\">\n\t\t\t\t<div class=\"elementor-element elementor-element-3754f32 post-image elementor-widget elementor-widget-image\" data-id=\"3754f32\" data-element_type=\"widget\" data-e-type=\"widget\" data-widget_type=\"image.default\">\n\t\t\t\t<div class=\"elementor-widget-container\">\n\t\t\t\t\t\t\t\t\t\t\t\t\t\t\t<img fetchpriority=\"high\" decoding=\"async\" width=\"1920\" height=\"1080\" src=\"https:\/\/www.OneRoyal.academy\/wp-content\/uploads\/2025\/08\/webinars-cover.webp\" class=\"attachment-full size-full wp-image-1908\" alt=\"What Actually Are Tariffs and Why it Scares the Market\" srcset=\"https:\/\/www.OneRoyal.academy\/wp-content\/uploads\/2025\/08\/webinars-cover.webp 1920w, https:\/\/www.OneRoyal.academy\/wp-content\/uploads\/2025\/08\/webinars-cover-300x169.webp 300w, https:\/\/www.OneRoyal.academy\/wp-content\/uploads\/2025\/08\/webinars-cover-1024x576.webp 1024w, https:\/\/www.OneRoyal.academy\/wp-content\/uploads\/2025\/08\/webinars-cover-768x432.webp 768w, https:\/\/www.OneRoyal.academy\/wp-content\/uploads\/2025\/08\/webinars-cover-1536x864.webp 1536w, https:\/\/www.OneRoyal.academy\/wp-content\/uploads\/2025\/08\/webinars-cover-18x10.webp 18w\" sizes=\"(max-width: 1920px) 100vw, 1920px\" \/>\t\t\t\t\t\t\t\t\t\t\t\t\t\t\t<\/div>\n\t\t\t\t<\/div>\n\t\t<div class=\"elementor-element elementor-element-4f742c2 e-con-full category-page-posts-section-post-content e-flex e-con e-child\" data-id=\"4f742c2\" data-element_type=\"container\" data-e-type=\"container\">\n\t\t\t\t<div class=\"elementor-element elementor-element-ba30455 post-title elementor-widget elementor-widget-heading\" data-id=\"ba30455\" data-element_type=\"widget\" data-e-type=\"widget\" data-widget_type=\"heading.default\">\n\t\t\t\t<div class=\"elementor-widget-container\">\n\t\t\t\t\t<h3 class=\"elementor-heading-title elementor-size-default\">Introdu\u00e7\u00e3o ao sentimento do mercado. Parte 2<\/h3>\t\t\t\t<\/div>\n\t\t\t\t<\/div>\n\t\t\t\t<div class=\"elementor-element elementor-element-58ae3c6 post-summary elementor-widget elementor-widget-text-editor\" data-id=\"58ae3c6\" data-element_type=\"widget\" data-e-type=\"widget\" data-widget_type=\"text-editor.default\">\n\t\t\t\t<div class=\"elementor-widget-container\">\n\t\t\t\t\t\t\t\t\tEste webinar \u00e9 a segunda parte da introdu\u00e7\u00e3o ao sentimento do mercado, onde iremos aprofundar um pouco mais o compromisso dos traders em reportar\t\t\t\t\t\t\t\t<\/div>\n\t\t\t\t<\/div>\n\t\t\t\t<div class=\"elementor-element elementor-element-3c8fd2f post-cta elementor-widget elementor-widget-button\" data-id=\"3c8fd2f\" data-element_type=\"widget\" data-e-type=\"widget\" data-widget_type=\"button.default\">\n\t\t\t\t<div class=\"elementor-widget-container\">\n\t\t\t\t\t\t\t\t\t<div class=\"elementor-button-wrapper\">\n\t\t\t\t\t<a class=\"elementor-button elementor-button-link elementor-size-sm\" href=\"https:\/\/www.OneRoyal.academy\/pt\/webinars\/introduction-to-market-sentiment-part-2\/\">\n\t\t\t\t\t\t<span class=\"elementor-button-content-wrapper\">\n\t\t\t\t\t\t\t\t\t<span class=\"elementor-button-text\">Saiba mais<\/span>\n\t\t\t\t\t<\/span>\n\t\t\t\t\t<\/a>\n\t\t\t\t<\/div>\n\t\t\t\t\t\t\t\t<\/div>\n\t\t\t\t<\/div>\n\t\t\t\t<\/div>\n\t\t\t\t\t<\/div>\n\t\t\t\t<\/div>\n\t\t\t\t<\/div>\n\t\t\t\t<\/article>\n\t\t\t\t<article id=\"post-1900\" class=\"elementor-post elementor-grid-item ecs-post-loop post-1900 post type-post status-publish format-standard has-post-thumbnail hentry category-webinars\">\n\t\t\t\t<div data-elementor-type=\"loop\" data-elementor-id=\"770\" class=\"elementor elementor-770 post-1900 post type-post status-publish format-standard has-post-thumbnail hentry category-webinars\" data-elementor-post-type=\"elementor_library\">\n\t\t\t<div class=\"elementor-element elementor-element-9fea978 category-page-posts-section-post-wrapper e-flex e-con-boxed e-con e-parent\" data-id=\"9fea978\" data-element_type=\"container\" data-e-type=\"container\">\n\t\t\t\t\t<div class=\"e-con-inner\">\n\t\t\t\t<div class=\"elementor-element elementor-element-3754f32 post-image elementor-widget elementor-widget-image\" data-id=\"3754f32\" data-element_type=\"widget\" data-e-type=\"widget\" data-widget_type=\"image.default\">\n\t\t\t\t<div class=\"elementor-widget-container\">\n\t\t\t\t\t\t\t\t\t\t\t\t\t\t\t<img fetchpriority=\"high\" decoding=\"async\" width=\"1920\" height=\"1080\" src=\"https:\/\/www.OneRoyal.academy\/wp-content\/uploads\/2025\/08\/webinars-cover.webp\" class=\"attachment-full size-full wp-image-1908\" alt=\"What Actually Are Tariffs and Why it Scares the Market\" srcset=\"https:\/\/www.OneRoyal.academy\/wp-content\/uploads\/2025\/08\/webinars-cover.webp 1920w, https:\/\/www.OneRoyal.academy\/wp-content\/uploads\/2025\/08\/webinars-cover-300x169.webp 300w, https:\/\/www.OneRoyal.academy\/wp-content\/uploads\/2025\/08\/webinars-cover-1024x576.webp 1024w, https:\/\/www.OneRoyal.academy\/wp-content\/uploads\/2025\/08\/webinars-cover-768x432.webp 768w, https:\/\/www.OneRoyal.academy\/wp-content\/uploads\/2025\/08\/webinars-cover-1536x864.webp 1536w, https:\/\/www.OneRoyal.academy\/wp-content\/uploads\/2025\/08\/webinars-cover-18x10.webp 18w\" sizes=\"(max-width: 1920px) 100vw, 1920px\" \/>\t\t\t\t\t\t\t\t\t\t\t\t\t\t\t<\/div>\n\t\t\t\t<\/div>\n\t\t<div class=\"elementor-element elementor-element-4f742c2 e-con-full category-page-posts-section-post-content e-flex e-con e-child\" data-id=\"4f742c2\" data-element_type=\"container\" data-e-type=\"container\">\n\t\t\t\t<div class=\"elementor-element elementor-element-ba30455 post-title elementor-widget elementor-widget-heading\" data-id=\"ba30455\" data-element_type=\"widget\" data-e-type=\"widget\" data-widget_type=\"heading.default\">\n\t\t\t\t<div class=\"elementor-widget-container\">\n\t\t\t\t\t<h3 class=\"elementor-heading-title elementor-size-default\">Introdu\u00e7\u00e3o ao sentimento do mercado. Parte 1<\/h3>\t\t\t\t<\/div>\n\t\t\t\t<\/div>\n\t\t\t\t<div class=\"elementor-element elementor-element-58ae3c6 post-summary elementor-widget elementor-widget-text-editor\" data-id=\"58ae3c6\" data-element_type=\"widget\" data-e-type=\"widget\" data-widget_type=\"text-editor.default\">\n\t\t\t\t<div class=\"elementor-widget-container\">\n\t\t\t\t\t\t\t\t\tEste webinar \u00e9 uma introdu\u00e7\u00e3o ao sentimento do mercado, que \u00e9 a atitude geral dos investidores em rela\u00e7\u00e3o a um determinado mercado ou ativo financeiro. \u00c9 uma\t\t\t\t\t\t\t\t<\/div>\n\t\t\t\t<\/div>\n\t\t\t\t<div class=\"elementor-element elementor-element-3c8fd2f post-cta elementor-widget elementor-widget-button\" data-id=\"3c8fd2f\" data-element_type=\"widget\" data-e-type=\"widget\" data-widget_type=\"button.default\">\n\t\t\t\t<div class=\"elementor-widget-container\">\n\t\t\t\t\t\t\t\t\t<div class=\"elementor-button-wrapper\">\n\t\t\t\t\t<a class=\"elementor-button elementor-button-link elementor-size-sm\" href=\"https:\/\/www.OneRoyal.academy\/pt\/webinars\/introduction-to-market-sentiment-part-1\/\">\n\t\t\t\t\t\t<span class=\"elementor-button-content-wrapper\">\n\t\t\t\t\t\t\t\t\t<span class=\"elementor-button-text\">Saiba mais<\/span>\n\t\t\t\t\t<\/span>\n\t\t\t\t\t<\/a>\n\t\t\t\t<\/div>\n\t\t\t\t\t\t\t\t<\/div>\n\t\t\t\t<\/div>\n\t\t\t\t<\/div>\n\t\t\t\t\t<\/div>\n\t\t\t\t<\/div>\n\t\t\t\t<\/div>\n\t\t\t\t<\/article>\n\t\t\t\t<article id=\"post-1872\" class=\"elementor-post elementor-grid-item ecs-post-loop post-1872 post type-post status-publish format-standard has-post-thumbnail hentry category-webinars\">\n\t\t\t\t<div data-elementor-type=\"loop\" data-elementor-id=\"770\" class=\"elementor elementor-770 post-1872 post type-post status-publish format-standard has-post-thumbnail hentry category-webinars\" data-elementor-post-type=\"elementor_library\">\n\t\t\t<div class=\"elementor-element elementor-element-9fea978 category-page-posts-section-post-wrapper e-flex e-con-boxed e-con e-parent\" data-id=\"9fea978\" data-element_type=\"container\" data-e-type=\"container\">\n\t\t\t\t\t<div class=\"e-con-inner\">\n\t\t\t\t<div class=\"elementor-element elementor-element-3754f32 post-image elementor-widget elementor-widget-image\" data-id=\"3754f32\" data-element_type=\"widget\" data-e-type=\"widget\" data-widget_type=\"image.default\">\n\t\t\t\t<div class=\"elementor-widget-container\">\n\t\t\t\t\t\t\t\t\t\t\t\t\t\t\t<img fetchpriority=\"high\" decoding=\"async\" width=\"1920\" height=\"1080\" src=\"https:\/\/www.OneRoyal.academy\/wp-content\/uploads\/2025\/08\/webinars-cover.webp\" class=\"attachment-full size-full wp-image-1908\" alt=\"What Actually Are Tariffs and Why it Scares the Market\" srcset=\"https:\/\/www.OneRoyal.academy\/wp-content\/uploads\/2025\/08\/webinars-cover.webp 1920w, https:\/\/www.OneRoyal.academy\/wp-content\/uploads\/2025\/08\/webinars-cover-300x169.webp 300w, https:\/\/www.OneRoyal.academy\/wp-content\/uploads\/2025\/08\/webinars-cover-1024x576.webp 1024w, https:\/\/www.OneRoyal.academy\/wp-content\/uploads\/2025\/08\/webinars-cover-768x432.webp 768w, https:\/\/www.OneRoyal.academy\/wp-content\/uploads\/2025\/08\/webinars-cover-1536x864.webp 1536w, https:\/\/www.OneRoyal.academy\/wp-content\/uploads\/2025\/08\/webinars-cover-18x10.webp 18w\" sizes=\"(max-width: 1920px) 100vw, 1920px\" \/>\t\t\t\t\t\t\t\t\t\t\t\t\t\t\t<\/div>\n\t\t\t\t<\/div>\n\t\t<div class=\"elementor-element elementor-element-4f742c2 e-con-full category-page-posts-section-post-content e-flex e-con e-child\" data-id=\"4f742c2\" data-element_type=\"container\" data-e-type=\"container\">\n\t\t\t\t<div class=\"elementor-element elementor-element-ba30455 post-title elementor-widget elementor-widget-heading\" data-id=\"ba30455\" data-element_type=\"widget\" data-e-type=\"widget\" data-widget_type=\"heading.default\">\n\t\t\t\t<div class=\"elementor-widget-container\">\n\t\t\t\t\t<h3 class=\"elementor-heading-title elementor-size-default\">O que s\u00e3o realmente as tarifas e porque \u00e9 que isso assusta o mercado<\/h3>\t\t\t\t<\/div>\n\t\t\t\t<\/div>\n\t\t\t\t<div class=\"elementor-element elementor-element-58ae3c6 post-summary elementor-widget elementor-widget-text-editor\" data-id=\"58ae3c6\" data-element_type=\"widget\" data-e-type=\"widget\" data-widget_type=\"text-editor.default\">\n\t\t\t\t<div class=\"elementor-widget-container\">\n\t\t\t\t\t\t\t\t\tEste webinar fala sobre o que s\u00e3o as tarifas e porque \u00e9 que est\u00e3o a assustar tanto o mercado, porque \u00e9 que est\u00e3o a ditar tudo o que se passa na\t\t\t\t\t\t\t\t<\/div>\n\t\t\t\t<\/div>\n\t\t\t\t<div class=\"elementor-element elementor-element-3c8fd2f post-cta elementor-widget elementor-widget-button\" data-id=\"3c8fd2f\" data-element_type=\"widget\" data-e-type=\"widget\" data-widget_type=\"button.default\">\n\t\t\t\t<div class=\"elementor-widget-container\">\n\t\t\t\t\t\t\t\t\t<div class=\"elementor-button-wrapper\">\n\t\t\t\t\t<a class=\"elementor-button elementor-button-link elementor-size-sm\" href=\"https:\/\/www.OneRoyal.academy\/pt\/webinars\/what-actually-are-tariffs-and-why-it-scares-the-market\/\">\n\t\t\t\t\t\t<span class=\"elementor-button-content-wrapper\">\n\t\t\t\t\t\t\t\t\t<span class=\"elementor-button-text\">Saiba mais<\/span>\n\t\t\t\t\t<\/span>\n\t\t\t\t\t<\/a>\n\t\t\t\t<\/div>\n\t\t\t\t\t\t\t\t<\/div>\n\t\t\t\t<\/div>\n\t\t\t\t<\/div>\n\t\t\t\t\t<\/div>\n\t\t\t\t<\/div>\n\t\t\t\t<\/div>\n\t\t\t\t<\/article>\n\t\t\t\t<\/div>\n\t\t\t\t\t\t<\/div>\n\t\t\t\t<\/div>\n\t\t\t\t\t<\/div>\n\t\t\t\t<\/div>\n\t\t\t\t<\/div>","protected":false},"excerpt":{"rendered":"","protected":false},"author":4,"featured_media":0,"parent":0,"menu_order":0,"comment_status":"closed","ping_status":"closed","template":"","meta":{"_acf_changed":false,"inline_featured_image":false,"footnotes":""},"class_list":["post-18","page","type-page","status-publish","hentry"],"acf":[],"_links":{"self":[{"href":"https:\/\/www.oneroyal.academy\/pt\/wp-json\/wp\/v2\/pages\/18","targetHints":{"allow":["GET"]}}],"collection":[{"href":"https:\/\/www.oneroyal.academy\/pt\/wp-json\/wp\/v2\/pages"}],"about":[{"href":"https:\/\/www.oneroyal.academy\/pt\/wp-json\/wp\/v2\/types\/page"}],"author":[{"embeddable":true,"href":"https:\/\/www.oneroyal.academy\/pt\/wp-json\/wp\/v2\/users\/4"}],"replies":[{"embeddable":true,"href":"https:\/\/www.oneroyal.academy\/pt\/wp-json\/wp\/v2\/comments?post=18"}],"version-history":[{"count":19,"href":"https:\/\/www.oneroyal.academy\/pt\/wp-json\/wp\/v2\/pages\/18\/revisions"}],"predecessor-version":[{"id":846,"href":"https:\/\/www.oneroyal.academy\/pt\/wp-json\/wp\/v2\/pages\/18\/revisions\/846"}],"wp:attachment":[{"href":"https:\/\/www.oneroyal.academy\/pt\/wp-json\/wp\/v2\/media?parent=18"}],"curies":[{"name":"wp","href":"https:\/\/api.w.org\/{rel}","templated":true}]}}